{"id":9990,"date":"2025-10-07T11:30:03","date_gmt":"2025-10-07T08:30:03","guid":{"rendered":"https:\/\/taujenudvaras.lt\/laimek-bilieta\/"},"modified":"2025-10-07T13:44:55","modified_gmt":"2025-10-07T10:44:55","slug":"laimek-bilieta","status":"publish","type":"page","link":"https:\/\/taujenudvaras.lt\/ru\/laimek-bilieta\/","title":{"rendered":"\u0412\u044b\u0438\u0433\u0440\u0430\u0439 \u0431\u0438\u043b\u0435\u0442"},"content":{"rendered":"<div class=\"fusion-bg-parallax\" data-bg-align=\"center center\" data-direction=\"down\" data-mute=\"false\" data-opacity=\"100\" data-velocity=\"-0.3\" data-mobile-enabled=\"true\" data-break_parents=\"0\" data-bg-image=\"https:\/\/taujenudvaras.lt\/wp-content\/uploads\/2025\/10\/td-halloween-game-background.jpg\" data-bg-repeat=\"false\" data-bg-gradient-type=\"radial\" data-bg-gradient-angle=\"180\" data-bg-gradient-start-color=\"var(--awb-color7)\" data-bg-gradient-start-position=\"0\" data-bg-gradient-end-color=\"hsla(var(--awb-custom_color_3-h),var(--awb-custom_color_3-s),var(--awb-custom_color_3-l),calc(var(--awb-custom_color_3-a) + 25%))\" data-bg-gradient-end-position=\"100\" data-bg-radial-direction=\"center center\" ><\/div><div class=\"fusion-fullwidth fullwidth-box fusion-builder-row-1 fusion-flex-container has-pattern-background has-mask-background fusion-parallax-down nonhundred-percent-fullwidth non-hundred-percent-height-scrolling lazyload fusion-animated\" style=\"--awb-border-radius-top-left:0px;--awb-border-radius-top-right:0px;--awb-border-radius-bottom-right:0px;--awb-border-radius-bottom-left:0px;--awb-min-height:150vh;--awb-min-height-small:125vh;--awb-background-image:radial-gradient(circle at center center, var(--awb-color7) 0%,hsla(var(--awb-custom_color_3-h),var(--awb-custom_color_3-s),var(--awb-custom_color_3-l),calc(var(--awb-custom_color_3-a) + 25%)) 100%);;--awb-background-size:cover;--awb-flex-wrap:wrap;\" data-bg=\"https:\/\/taujenudvaras.lt\/wp-content\/uploads\/2025\/10\/td-halloween-game-background.jpg\" data-bg-gradient=\"radial-gradient(circle at center center, var(--awb-color7) 0%,hsla(var(--awb-custom_color_3-h),var(--awb-custom_color_3-s),var(--awb-custom_color_3-l),calc(var(--awb-custom_color_3-a) + 25%)) 100%)\" data-animationType=\"fadeIn\" data-animationDuration=\"1.2\" data-animationOffset=\"top-into-view\" ><div class=\"fusion-builder-row fusion-row fusion-flex-align-items-flex-start fusion-flex-align-content-center fusion-flex-justify-content-center fusion-flex-content-wrap\" style=\"max-width:1248px;margin-left: calc(-4% \/ 2 );margin-right: calc(-4% \/ 2 );\"><div class=\"fusion-layout-column fusion_builder_column fusion-builder-column-0 fusion_builder_column_2_3 2_3 fusion-flex-column\" style=\"--awb-bg-size:cover;--awb-width-large:66.666666666667%;--awb-margin-top-large:0px;--awb-spacing-right-large:2.88%;--awb-margin-bottom-large:0px;--awb-spacing-left-large:2.88%;--awb-width-medium:66.666666666667%;--awb-order-medium:0;--awb-spacing-right-medium:2.88%;--awb-spacing-left-medium:2.88%;--awb-width-small:100%;--awb-order-small:0;--awb-spacing-right-small:1.92%;--awb-spacing-left-small:1.92%;\"><div class=\"fusion-column-wrapper fusion-column-has-shadow fusion-flex-justify-content-flex-start fusion-content-layout-column\"><div class=\"fusion-image-element \" style=\"--awb-caption-title-font-family:var(--h2_typography-font-family);--awb-caption-title-font-weight:var(--h2_typography-font-weight);--awb-caption-title-font-style:var(--h2_typography-font-style);--awb-caption-title-size:var(--h2_typography-font-size);--awb-caption-title-transform:var(--h2_typography-text-transform);--awb-caption-title-line-height:var(--h2_typography-line-height);--awb-caption-title-letter-spacing:var(--h2_typography-letter-spacing);\"><span class=\" fusion-imageframe imageframe-none imageframe-1 hover-type-none\"><img decoding=\"async\" width=\"1177\" height=\"715\" title=\"td-halloween-game\" src=\"https:\/\/taujenudvaras.lt\/wp-content\/uploads\/2025\/10\/td-halloween-game.png\" data-orig-src=\"https:\/\/taujenudvaras.lt\/wp-content\/uploads\/2025\/10\/td-halloween-game.png\" alt class=\"lazyload img-responsive wp-image-9976\" srcset=\"data:image\/svg+xml,%3Csvg%20xmlns%3D%27http%3A%2F%2Fwww.w3.org%2F2000%2Fsvg%27%20width%3D%271177%27%20height%3D%27715%27%20viewBox%3D%270%200%201177%20715%27%3E%3Crect%20width%3D%271177%27%20height%3D%27715%27%20fill-opacity%3D%220%22%2F%3E%3C%2Fsvg%3E\" data-srcset=\"https:\/\/taujenudvaras.lt\/wp-content\/uploads\/2025\/10\/td-halloween-game-200x121.png 200w, https:\/\/taujenudvaras.lt\/wp-content\/uploads\/2025\/10\/td-halloween-game-400x243.png 400w, https:\/\/taujenudvaras.lt\/wp-content\/uploads\/2025\/10\/td-halloween-game-600x364.png 600w, https:\/\/taujenudvaras.lt\/wp-content\/uploads\/2025\/10\/td-halloween-game-800x486.png 800w, https:\/\/taujenudvaras.lt\/wp-content\/uploads\/2025\/10\/td-halloween-game.png 1177w\" data-sizes=\"auto\" data-orig-sizes=\"(max-width: 800px) 100vw, 800px\" \/><\/span><\/div><\/div><\/div><div class=\"fusion-layout-column fusion_builder_column fusion-builder-column-1 fusion_builder_column_2_3 2_3 fusion-flex-column\" style=\"--awb-padding-top:4rem;--awb-padding-right:4rem;--awb-padding-bottom:4rem;--awb-padding-left:4rem;--awb-padding-top-small:2rem;--awb-padding-right-small:2rem;--awb-padding-bottom-small:2rem;--awb-padding-left-small:2rem;--awb-overflow:hidden;--awb-bg-color:#0c0c0c;--awb-bg-color-hover:#0c0c0c;--awb-bg-size:cover;--awb-border-radius:64px 64px 64px 64px;--awb-width-large:66.666666666667%;--awb-margin-top-large:0px;--awb-spacing-right-large:2.88%;--awb-margin-bottom-large:0px;--awb-spacing-left-large:2.88%;--awb-width-medium:66.666666666667%;--awb-order-medium:0;--awb-spacing-right-medium:2.88%;--awb-spacing-left-medium:2.88%;--awb-width-small:100%;--awb-order-small:0;--awb-spacing-right-small:1.92%;--awb-spacing-left-small:1.92%;\"><div class=\"fusion-column-wrapper fusion-column-has-shadow fusion-flex-justify-content-flex-start fusion-content-layout-column\"><div class=\"fusion-text fusion-text-1 fusion-text-no-margin\" style=\"--awb-content-alignment:center;--awb-margin-top:0px;--awb-margin-right:0px;--awb-margin-bottom:1em;--awb-margin-left:0px;\"><p><strong>\u0412\u044b \u043c\u043e\u0436\u0435\u0442\u0435 \u0432\u044b\u0438\u0433\u0440\u0430\u0442\u044c 10 \u0431\u0438\u043b\u0435\u0442\u043e\u0432 \u043d\u0430 \u043f\u0440\u0435\u0434\u0441\u0442\u043e\u044f\u0449\u0438\u0439 <\/strong><strong>\u043b\u0435\u0434\u043e\u0432\u044b\u0439 \u0444\u0435\u0441\u0442\u0438\u0432\u0430\u043b\u044c \u0432 \u0443\u0441\u0430\u0434\u044c\u0431\u0435 \u0422\u0430\u0443\u0439\u0435\u043d\u0430\u0439!<\/strong><br \/>\u041f\u043e\u0431\u0435\u0434\u0438\u0442\u0435\u043b\u0438 \u0431\u0443\u0434\u0443\u0442 \u043e\u0431\u044a\u044f\u0432\u043b\u0435\u043d\u044b 3 \u043d\u043e\u044f\u0431\u0440\u044f \u043d\u0430 \u043d\u0430\u0448\u0438\u0445 \u0430\u043a\u043a\u0430\u0443\u043d\u0442\u0430\u0445 \u0432 Facebook \u0438 Instagram. <\/p>\n<\/div><div class=\"fusion-text fusion-text-2 fusion-text-no-margin\" style=\"--awb-margin-top:0px;--awb-margin-right:0px;--awb-margin-bottom:2em;--awb-margin-left:0px;\"><div class=\"forminator-ui forminator-custom-form forminator-custom-form-9981 forminator-design--default forminator-enclosed forminator_ajax\" data-forminator-render=\"0\" data-form=\"forminator-module-9981\" data-uid=\"69deddd9bd206\"><br\/><\/div><form\n\t\t\t\tid=\"forminator-module-9981\"\n\t\t\t\tclass=\"forminator-ui forminator-custom-form forminator-custom-form-9981 forminator-design--default forminator-enclosed forminator_ajax\"\n\t\t\t\tmethod=\"post\"\n\t\t\t\tdata-forminator-render=\"0\"\n\t\t\t\tdata-form-id=\"9981\"\n\t\t\t\t data-color-option=\"theme\" data-design=\"default\" data-grid=\"enclosed\" style=\"display: none;\"\n\t\t\t\tdata-uid=\"69deddd9bd206\"\n\t\t\t><div role=\"alert\" aria-live=\"polite\" class=\"forminator-response-message forminator-error\" aria-hidden=\"true\"><\/div><div class=\"forminator-row\"><div id=\"name-1\" class=\"forminator-field-name forminator-col forminator-col-12 \"><div class=\"forminator-field\"><label for=\"forminator-field-name-1_69deddd9bd206\" id=\"forminator-field-name-1_69deddd9bd206-label\" class=\"forminator-label\">Vardas <span class=\"forminator-required\">*<\/span><\/label><input type=\"text\" name=\"name-1\" value=\"\" placeholder=\"\u012eveskite savo vard\u0105, pavard\u0119*\" id=\"forminator-field-name-1_69deddd9bd206\" class=\"forminator-input forminator-name--field\" aria-required=\"true\" autocomplete=\"name\" \/><\/div><\/div><\/div><div class=\"forminator-row\"><div id=\"email-1\" class=\"forminator-field-email forminator-col forminator-col-12 \"><div class=\"forminator-row-inside forminator-row-with-confirmation-email\"><div class=\"forminator-col forminator-col-6\"><div class=\"forminator-field\"><label for=\"forminator-field-email-1_69deddd9bd206\" id=\"forminator-field-email-1_69deddd9bd206-label\" class=\"forminator-label\">El. pa\u0161tas <span class=\"forminator-required\">*<\/span><\/label><input type=\"email\" name=\"email-1\" value=\"\" placeholder=\"\u012eveskite savo el. pa\u0161t\u0105*\" id=\"forminator-field-email-1_69deddd9bd206\" class=\"forminator-input forminator-email--field\" data-required=\"1\" aria-required=\"true\" autocomplete=\"email\" \/><\/div><\/div><div class=\"forminator-col forminator-col-6\"><div class=\"forminator-field\"><label for=\"forminator-field-confirm_email-1_69deddd9bd206\" id=\"forminator-field-confirm_email-1_69deddd9bd206-label\" class=\"forminator-label\">Patvirtinti el. pa\u0161t\u0105 <span class=\"forminator-required\">*<\/span><\/label><input type=\"email\" name=\"confirm_email-1\" value=\"\" placeholder=\"Pakartokite el. pa\u0161t\u0105\" id=\"forminator-field-confirm_email-1_69deddd9bd206\" class=\"forminator-input forminator-name--field\" data-required=\"1\" aria-required=\"true\" autocomplete=\"email\" \/><\/div><\/div><\/div><\/div><\/div><div class=\"forminator-row\"><div id=\"checkbox-1\" class=\"forminator-field-checkbox forminator-col forminator-col-12 \"><div role=\"group\" class=\"forminator-field required\" aria-labelledby=\"forminator-checkbox-group-forminator-field-checkbox-1-69deddd9bd206-label\"><span id=\"forminator-checkbox-group-forminator-field-checkbox-1-69deddd9bd206-label\" class=\"forminator-label\">Sutikimas <span class=\"forminator-required\">*<\/span><\/span><label id=\"forminator-field-checkbox-1-1-69deddd9bd206-label\" for=\"forminator-field-checkbox-1-1-69deddd9bd206\" class=\"forminator-checkbox\" title=\"Sutinku gauti naujienas apie Tauj\u0117n\u0173 dvaro renginius el. pa\u0161tu.\"><input type=\"checkbox\" name=\"checkbox-1[]\" value=\"Sutinku gauti naujienas.\" id=\"forminator-field-checkbox-1-1-69deddd9bd206\" aria-labelledby=\"forminator-field-checkbox-1-1-69deddd9bd206-label\" data-calculation=\"0\" checked=\"checked\"  data-hidden-behavior=\"zero\"\/><span class=\"forminator-checkbox-box\" aria-hidden=\"true\"><\/span><span class=\"forminator-checkbox-label\">Sutinku gauti naujienas apie Tauj\u0117n\u0173 dvaro renginius el. pa\u0161tu.<\/span><\/label><\/div><\/div><\/div><input type=\"hidden\" name=\"referer_url\" value=\"\" \/><div class=\"forminator-row forminator-row-last\"><div class=\"forminator-col\"><div class=\"forminator-field\"><button class=\"forminator-button forminator-button-submit\">Dalyvauti \u017eaidime<\/button><\/div><\/div><\/div><input type=\"hidden\" id=\"forminator_nonce\" name=\"forminator_nonce\" value=\"0e1c71c67a\" \/><input type=\"hidden\" name=\"_wp_http_referer\" value=\"\/ru\/wp-json\/wp\/v2\/pages\/9990\" \/><input type=\"hidden\" name=\"form_id\" value=\"9981\"><input type=\"hidden\" name=\"page_id\" value=\"9990\"><input type=\"hidden\" name=\"form_type\" value=\"default\"><input type=\"hidden\" name=\"current_url\" value=\"https:\/\/taujenudvaras.lt\/ru\/laimek-bilieta\/\"><input type=\"hidden\" name=\"render_id\" value=\"0\"><input type=\"hidden\" name=\"action\" value=\"forminator_submit_form_custom-forms\"><label for=\"input_4\" class=\"forminator-hidden\" aria-hidden=\"true\">\u041f\u043e\u0436\u0430\u043b\u0443\u0439\u0441\u0442\u0430, \u043d\u0435 \u0437\u0430\u043f\u043e\u043b\u043d\u044f\u0439\u0442\u0435 \u044d\u0442\u043e \u043f\u043e\u043b\u0435. <input id=\"input_4\" type=\"text\" name=\"input_4\" value=\"\" autocomplete=\"off\"><\/label><\/form>\n<\/div><div class=\"fusion-image-element \" style=\"text-align:center;--awb-max-width:300px;--awb-caption-title-font-family:var(--h2_typography-font-family);--awb-caption-title-font-weight:var(--h2_typography-font-weight);--awb-caption-title-font-style:var(--h2_typography-font-style);--awb-caption-title-size:var(--h2_typography-font-size);--awb-caption-title-transform:var(--h2_typography-text-transform);--awb-caption-title-line-height:var(--h2_typography-line-height);--awb-caption-title-letter-spacing:var(--h2_typography-letter-spacing);\"><span class=\" fusion-imageframe imageframe-none imageframe-2 hover-type-none\"><a class=\"fusion-no-lightbox\" href=\"https:\/\/taujenudvaras.lt\/ru\/\" target=\"_self\" aria-label=\"taujenudvaras-horizontal\"><img decoding=\"async\" width=\"1506\" height=\"310\" alt=\"Tauj\u0117n\u0173 dvaras\" src=\"data:image\/svg+xml,%3Csvg%20xmlns%3D%27http%3A%2F%2Fwww.w3.org%2F2000%2Fsvg%27%20width%3D%271506%27%20height%3D%27310%27%20viewBox%3D%270%200%201506%20310%27%3E%3Crect%20width%3D%271506%27%20height%3D%27310%27%20fill-opacity%3D%220%22%2F%3E%3C%2Fsvg%3E\" data-orig-src=\"https:\/\/taujenudvaras.lt\/wp-content\/uploads\/2022\/08\/taujenudvaras-horizontal.svg\" class=\"lazyload img-responsive wp-image-1232\"\/><\/a><\/span><\/div><\/div><\/div><\/div><\/div>\n","protected":false},"excerpt":{"rendered":"","protected":false},"author":1,"featured_media":0,"parent":0,"menu_order":0,"comment_status":"closed","ping_status":"closed","template":"100-width.php","meta":{"_acf_changed":false,"inline_featured_image":false,"footnotes":""},"class_list":["post-9990","page","type-page","status-publish","hentry"],"acf":[],"yoast_head":"<!-- This site is optimized with the Yoast SEO plugin v27.4 - https:\/\/yoast.com\/product\/yoast-seo-wordpress\/ -->\n<title>\u0412\u044b\u0438\u0433\u0440\u0430\u0439 \u0431\u0438\u043b\u0435\u0442 &#8211; \u0423\u0441\u0430\u0434\u044c\u0431\u0430 \u0422\u0430\u0443\u0435\u043d\u0430\u0439<\/title>\n<meta name=\"robots\" content=\"index, follow, max-snippet:-1, max-image-preview:large, max-video-preview:-1\" \/>\n<link rel=\"canonical\" href=\"https:\/\/taujenudvaras.lt\/ru\/laimek-bilieta\/\" \/>\n<meta property=\"og:locale\" content=\"ru_RU\" \/>\n<meta property=\"og:type\" content=\"article\" \/>\n<meta property=\"og:title\" content=\"\u0412\u044b\u0438\u0433\u0440\u0430\u0439 \u0431\u0438\u043b\u0435\u0442 &#8211; \u0423\u0441\u0430\u0434\u044c\u0431\u0430 \u0422\u0430\u0443\u0435\u043d\u0430\u0439\" \/>\n<meta property=\"og:url\" content=\"https:\/\/taujenudvaras.lt\/ru\/laimek-bilieta\/\" \/>\n<meta property=\"og:site_name\" content=\"\u0423\u0441\u0430\u0434\u044c\u0431\u0430 \u0422\u0430\u0443\u0435\u043d\u0430\u0439\" \/>\n<meta property=\"article:publisher\" content=\"https:\/\/www.facebook.com\/taujenudvaras\" \/>\n<meta property=\"article:modified_time\" content=\"2025-10-07T10:44:55+00:00\" \/>\n<meta property=\"og:image\" content=\"https:\/\/taujenudvaras.lt\/wp-content\/uploads\/2025\/03\/taujenudvaras-seo-long.jpg\" \/>\n\t<meta property=\"og:image:width\" content=\"1200\" \/>\n\t<meta property=\"og:image:height\" content=\"675\" \/>\n\t<meta property=\"og:image:type\" content=\"image\/jpeg\" \/>\n<meta name=\"twitter:card\" content=\"summary_large_image\" \/>\n<script type=\"application\/ld+json\" class=\"yoast-schema-graph\">{\"@context\":\"https:\\\/\\\/schema.org\",\"@graph\":[{\"@type\":\"WebPage\",\"@id\":\"https:\\\/\\\/taujenudvaras.lt\\\/ru\\\/laimek-bilieta\\\/\",\"url\":\"https:\\\/\\\/taujenudvaras.lt\\\/ru\\\/laimek-bilieta\\\/\",\"name\":\"\u0412\u044b\u0438\u0433\u0440\u0430\u0439 \u0431\u0438\u043b\u0435\u0442 &#8211; \u0423\u0441\u0430\u0434\u044c\u0431\u0430 \u0422\u0430\u0443\u0435\u043d\u0430\u0439\",\"isPartOf\":{\"@id\":\"https:\\\/\\\/taujenudvaras.lt\\\/ru\\\/#website\"},\"datePublished\":\"2025-10-07T08:30:03+00:00\",\"dateModified\":\"2025-10-07T10:44:55+00:00\",\"breadcrumb\":{\"@id\":\"https:\\\/\\\/taujenudvaras.lt\\\/ru\\\/laimek-bilieta\\\/#breadcrumb\"},\"inLanguage\":\"ru-RU\",\"potentialAction\":[{\"@type\":\"ReadAction\",\"target\":[\"https:\\\/\\\/taujenudvaras.lt\\\/ru\\\/laimek-bilieta\\\/\"]}]},{\"@type\":\"BreadcrumbList\",\"@id\":\"https:\\\/\\\/taujenudvaras.lt\\\/ru\\\/laimek-bilieta\\\/#breadcrumb\",\"itemListElement\":[{\"@type\":\"ListItem\",\"position\":1,\"name\":\"\u0414\u043e\u043c\",\"item\":\"https:\\\/\\\/taujenudvaras.lt\\\/ru\\\/glavnaja\\\/\"},{\"@type\":\"ListItem\",\"position\":2,\"name\":\"\u0412\u044b\u0438\u0433\u0440\u0430\u0439 \u0431\u0438\u043b\u0435\u0442\"}]},{\"@type\":\"WebSite\",\"@id\":\"https:\\\/\\\/taujenudvaras.lt\\\/ru\\\/#website\",\"url\":\"https:\\\/\\\/taujenudvaras.lt\\\/ru\\\/\",\"name\":\"Tauj\u0117n\u0173 dvaras\",\"description\":\"\u0418\u0441\u0442\u043e\u0440\u0438\u0447\u0435\u0441\u043a\u0430\u044f \u0443\u0441\u0430\u0434\u044c\u0431\u0430 \u0434\u043b\u044f \u0432\u0430\u0448\u0435\u0433\u043e \u043e\u0442\u0434\u044b\u0445\u0430 \u0438 \u0440\u0435\u043b\u0430\u043a\u0441\u0430\u0446\u0438\u0438\",\"publisher\":{\"@id\":\"https:\\\/\\\/taujenudvaras.lt\\\/ru\\\/#organization\"},\"alternateName\":\"Tauj\u0117n\u0173 dvaras\",\"potentialAction\":[{\"@type\":\"SearchAction\",\"target\":{\"@type\":\"EntryPoint\",\"urlTemplate\":\"https:\\\/\\\/taujenudvaras.lt\\\/ru\\\/?s={search_term_string}\"},\"query-input\":{\"@type\":\"PropertyValueSpecification\",\"valueRequired\":true,\"valueName\":\"search_term_string\"}}],\"inLanguage\":\"ru-RU\"},{\"@type\":\"Organization\",\"@id\":\"https:\\\/\\\/taujenudvaras.lt\\\/ru\\\/#organization\",\"name\":\"\u0423\u0441\u0430\u0434\u044c\u0431\u0430 \u0422\u0430\u0443\u0435\u043d\u0430\u0439\",\"alternateName\":\"\u0423\u0441\u0430\u0434\u044c\u0431\u0430 \u0422\u0430\u0443\u0435\u043d\u0430\u0439\",\"url\":\"https:\\\/\\\/taujenudvaras.lt\\\/ru\\\/\",\"logo\":{\"@type\":\"ImageObject\",\"inLanguage\":\"ru-RU\",\"@id\":\"https:\\\/\\\/taujenudvaras.lt\\\/ru\\\/#\\\/schema\\\/logo\\\/image\\\/\",\"url\":\"https:\\\/\\\/taujenudvaras.lt\\\/wp-content\\\/uploads\\\/2025\\\/03\\\/taujenudvaras-seo-square.jpg\",\"contentUrl\":\"https:\\\/\\\/taujenudvaras.lt\\\/wp-content\\\/uploads\\\/2025\\\/03\\\/taujenudvaras-seo-square.jpg\",\"width\":700,\"height\":700,\"caption\":\"\u0423\u0441\u0430\u0434\u044c\u0431\u0430 \u0422\u0430\u0443\u0435\u043d\u0430\u0439\"},\"image\":{\"@id\":\"https:\\\/\\\/taujenudvaras.lt\\\/ru\\\/#\\\/schema\\\/logo\\\/image\\\/\"},\"sameAs\":[\"https:\\\/\\\/www.facebook.com\\\/taujenudvaras\",\"https:\\\/\\\/www.instagram.com\\\/taujenu_dvaras\\\/\",\"https:\\\/\\\/taujenudvaras.lt\\\/\"]}]}<\/script>\n<!-- \/ Yoast SEO plugin. -->","yoast_head_json":{"title":"\u0412\u044b\u0438\u0433\u0440\u0430\u0439 \u0431\u0438\u043b\u0435\u0442 &#8211; \u0423\u0441\u0430\u0434\u044c\u0431\u0430 \u0422\u0430\u0443\u0435\u043d\u0430\u0439","robots":{"index":"index","follow":"follow","max-snippet":"max-snippet:-1","max-image-preview":"max-image-preview:large","max-video-preview":"max-video-preview:-1"},"canonical":"https:\/\/taujenudvaras.lt\/ru\/laimek-bilieta\/","og_locale":"ru_RU","og_type":"article","og_title":"\u0412\u044b\u0438\u0433\u0440\u0430\u0439 \u0431\u0438\u043b\u0435\u0442 &#8211; \u0423\u0441\u0430\u0434\u044c\u0431\u0430 \u0422\u0430\u0443\u0435\u043d\u0430\u0439","og_url":"https:\/\/taujenudvaras.lt\/ru\/laimek-bilieta\/","og_site_name":"\u0423\u0441\u0430\u0434\u044c\u0431\u0430 \u0422\u0430\u0443\u0435\u043d\u0430\u0439","article_publisher":"https:\/\/www.facebook.com\/taujenudvaras","article_modified_time":"2025-10-07T10:44:55+00:00","og_image":[{"width":1200,"height":675,"url":"https:\/\/taujenudvaras.lt\/wp-content\/uploads\/2025\/03\/taujenudvaras-seo-long.jpg","type":"image\/jpeg"}],"twitter_card":"summary_large_image","schema":{"@context":"https:\/\/schema.org","@graph":[{"@type":"WebPage","@id":"https:\/\/taujenudvaras.lt\/ru\/laimek-bilieta\/","url":"https:\/\/taujenudvaras.lt\/ru\/laimek-bilieta\/","name":"\u0412\u044b\u0438\u0433\u0440\u0430\u0439 \u0431\u0438\u043b\u0435\u0442 &#8211; \u0423\u0441\u0430\u0434\u044c\u0431\u0430 \u0422\u0430\u0443\u0435\u043d\u0430\u0439","isPartOf":{"@id":"https:\/\/taujenudvaras.lt\/ru\/#website"},"datePublished":"2025-10-07T08:30:03+00:00","dateModified":"2025-10-07T10:44:55+00:00","breadcrumb":{"@id":"https:\/\/taujenudvaras.lt\/ru\/laimek-bilieta\/#breadcrumb"},"inLanguage":"ru-RU","potentialAction":[{"@type":"ReadAction","target":["https:\/\/taujenudvaras.lt\/ru\/laimek-bilieta\/"]}]},{"@type":"BreadcrumbList","@id":"https:\/\/taujenudvaras.lt\/ru\/laimek-bilieta\/#breadcrumb","itemListElement":[{"@type":"ListItem","position":1,"name":"\u0414\u043e\u043c","item":"https:\/\/taujenudvaras.lt\/ru\/glavnaja\/"},{"@type":"ListItem","position":2,"name":"\u0412\u044b\u0438\u0433\u0440\u0430\u0439 \u0431\u0438\u043b\u0435\u0442"}]},{"@type":"WebSite","@id":"https:\/\/taujenudvaras.lt\/ru\/#website","url":"https:\/\/taujenudvaras.lt\/ru\/","name":"Tauj\u0117n\u0173 dvaras","description":"\u0418\u0441\u0442\u043e\u0440\u0438\u0447\u0435\u0441\u043a\u0430\u044f \u0443\u0441\u0430\u0434\u044c\u0431\u0430 \u0434\u043b\u044f \u0432\u0430\u0448\u0435\u0433\u043e \u043e\u0442\u0434\u044b\u0445\u0430 \u0438 \u0440\u0435\u043b\u0430\u043a\u0441\u0430\u0446\u0438\u0438","publisher":{"@id":"https:\/\/taujenudvaras.lt\/ru\/#organization"},"alternateName":"Tauj\u0117n\u0173 dvaras","potentialAction":[{"@type":"SearchAction","target":{"@type":"EntryPoint","urlTemplate":"https:\/\/taujenudvaras.lt\/ru\/?s={search_term_string}"},"query-input":{"@type":"PropertyValueSpecification","valueRequired":true,"valueName":"search_term_string"}}],"inLanguage":"ru-RU"},{"@type":"Organization","@id":"https:\/\/taujenudvaras.lt\/ru\/#organization","name":"\u0423\u0441\u0430\u0434\u044c\u0431\u0430 \u0422\u0430\u0443\u0435\u043d\u0430\u0439","alternateName":"\u0423\u0441\u0430\u0434\u044c\u0431\u0430 \u0422\u0430\u0443\u0435\u043d\u0430\u0439","url":"https:\/\/taujenudvaras.lt\/ru\/","logo":{"@type":"ImageObject","inLanguage":"ru-RU","@id":"https:\/\/taujenudvaras.lt\/ru\/#\/schema\/logo\/image\/","url":"https:\/\/taujenudvaras.lt\/wp-content\/uploads\/2025\/03\/taujenudvaras-seo-square.jpg","contentUrl":"https:\/\/taujenudvaras.lt\/wp-content\/uploads\/2025\/03\/taujenudvaras-seo-square.jpg","width":700,"height":700,"caption":"\u0423\u0441\u0430\u0434\u044c\u0431\u0430 \u0422\u0430\u0443\u0435\u043d\u0430\u0439"},"image":{"@id":"https:\/\/taujenudvaras.lt\/ru\/#\/schema\/logo\/image\/"},"sameAs":["https:\/\/www.facebook.com\/taujenudvaras","https:\/\/www.instagram.com\/taujenu_dvaras\/","https:\/\/taujenudvaras.lt\/"]}]}},"publishpress_future_workflow_manual_trigger":{"enabledWorkflows":[]},"_links":{"self":[{"href":"https:\/\/taujenudvaras.lt\/ru\/wp-json\/wp\/v2\/pages\/9990","targetHints":{"allow":["GET"]}}],"collection":[{"href":"https:\/\/taujenudvaras.lt\/ru\/wp-json\/wp\/v2\/pages"}],"about":[{"href":"https:\/\/taujenudvaras.lt\/ru\/wp-json\/wp\/v2\/types\/page"}],"author":[{"embeddable":true,"href":"https:\/\/taujenudvaras.lt\/ru\/wp-json\/wp\/v2\/users\/1"}],"replies":[{"embeddable":true,"href":"https:\/\/taujenudvaras.lt\/ru\/wp-json\/wp\/v2\/comments?post=9990"}],"version-history":[{"count":0,"href":"https:\/\/taujenudvaras.lt\/ru\/wp-json\/wp\/v2\/pages\/9990\/revisions"}],"wp:attachment":[{"href":"https:\/\/taujenudvaras.lt\/ru\/wp-json\/wp\/v2\/media?parent=9990"}],"curies":[{"name":"wp","href":"https:\/\/api.w.org\/{rel}","templated":true}]}}