{"id":10362,"date":"2022-08-08T11:15:46","date_gmt":"2022-08-08T08:15:46","guid":{"rendered":"https:\/\/taujenudvaras.lt\/golfink\/"},"modified":"2026-02-09T11:38:38","modified_gmt":"2026-02-09T09:38:38","slug":"golf","status":"publish","type":"page","link":"https:\/\/taujenudvaras.lt\/lv\/izklaide\/golf\/","title":{"rendered":"GOLFink"},"content":{"rendered":"<p><div class=\"fusion-fullwidth fullwidth-box fusion-builder-row-1 fusion-flex-container has-pattern-background has-mask-background fusion-parallax-none nonhundred-percent-fullwidth non-hundred-percent-height-scrolling lazyload\" style=\"--awb-background-blend-mode:darken;--awb-border-radius-top-left:0px;--awb-border-radius-top-right:0px;--awb-border-radius-bottom-right:0px;--awb-border-radius-bottom-left:0px;--awb-min-height:400px;--awb-background-color:rgba(31,33,46,0.75);--awb-background-size:cover;--awb-flex-wrap:wrap;\" data-bg=\"https:\/\/taujenudvaras.lt\/wp-content\/uploads\/2022\/08\/td-golfas-02.jpg\" ><div class=\"fusion-builder-row fusion-row fusion-flex-align-items-center fusion-flex-content-wrap\" style=\"max-width:1248px;margin-left: calc(-4% \/ 2 );margin-right: calc(-4% \/ 2 );\"><div class=\"fusion-layout-column fusion_builder_column fusion-builder-column-0 fusion_builder_column_1_1 1_1 fusion-flex-column\" style=\"--awb-padding-bottom:100px;--awb-padding-top-small:100px;--awb-padding-bottom-small:150px;--awb-bg-size:cover;--awb-width-large:100%;--awb-margin-top-large:0px;--awb-spacing-right-large:1.92%;--awb-margin-bottom-large:0px;--awb-spacing-left-large:1.92%;--awb-width-medium:100%;--awb-order-medium:0;--awb-spacing-right-medium:1.92%;--awb-spacing-left-medium:1.92%;--awb-width-small:100%;--awb-order-small:0;--awb-spacing-right-small:1.92%;--awb-spacing-left-small:1.92%;\"><div class=\"fusion-column-wrapper fusion-column-has-shadow fusion-flex-justify-content-flex-start fusion-content-layout-column\"><\/div><\/div><\/div><\/div><div class=\"fusion-fullwidth fullwidth-box fusion-builder-row-2 fusion-flex-container has-pattern-background has-mask-background nonhundred-percent-fullwidth non-hundred-percent-height-scrolling\" style=\"--awb-border-radius-top-left:0px;--awb-border-radius-top-right:0px;--awb-border-radius-bottom-right:0px;--awb-border-radius-bottom-left:0px;--awb-padding-top-small:50px;--awb-background-color:var(--awb-color7);--awb-flex-wrap:wrap;\" ><div class=\"fusion-builder-row fusion-row fusion-flex-align-items-flex-start fusion-flex-justify-content-center fusion-flex-content-wrap\" style=\"max-width:1248px;margin-left: calc(-4% \/ 2 );margin-right: calc(-4% \/ 2 );\"><div class=\"fusion-layout-column fusion_builder_column fusion-builder-column-1 fusion_builder_column_1_1 1_1 fusion-flex-column\" style=\"--awb-bg-color:var(--awb-color7);--awb-bg-color-hover:var(--awb-color7);--awb-bg-size:cover;--awb-width-large:100%;--awb-margin-top-large:0px;--awb-spacing-right-large:1.92%;--awb-margin-bottom-large:0px;--awb-spacing-left-large:1.92%;--awb-width-medium:100%;--awb-order-medium:0;--awb-spacing-right-medium:1.92%;--awb-spacing-left-medium:1.92%;--awb-width-small:100%;--awb-order-small:0;--awb-spacing-right-small:1.92%;--awb-spacing-left-small:1.92%;\"><div class=\"fusion-column-wrapper fusion-column-has-shadow fusion-flex-justify-content-flex-start fusion-content-layout-column\"><div class=\"fusion-section-separator section-separator big-half-circle fusion-section-separator-1 fusion-no-small-visibility\" style=\"--awb-spacer-height:100px;--awb-svg-margin-left:1.92%;--awb-svg-margin-right:1.92%;--awb-svg-margin-left-medium:1.92%;--awb-svg-margin-right-medium:1.92%;--awb-svg-margin-left-small:1.92%;--awb-svg-margin-right-small:1.92%;--awb-divider-height:100px;--awb-spacer-padding-top:inherit;--awb-sep-padding:0;--awb-svg-padding:0;--awb-margin-top:-100px;\"><div class=\"fusion-section-separator-svg\"><svg class=\"fusion-big-half-circle-candy\" xmlns=\"http:\/\/www.w3.org\/2000\/svg\" version=\"1.1\" width=\"100%\" height=\"100\" viewBox=\"0 0 100 100\" preserveAspectRatio=\"none\" fill=\"rgba(31,33,46,1)\"><path d=\"M0 100 C40 0 60 0 100 100 Z\"><\/path><\/svg><\/div><div class=\"fusion-section-separator-spacer\"><div class=\"fusion-section-separator-spacer-height\"><\/div><\/div><\/div><\/div><\/div><div class=\"fusion-layout-column fusion_builder_column fusion-builder-column-2 fusion_builder_column_1_1 1_1 fusion-flex-column\" style=\"--awb-bg-color:var(--awb-color7);--awb-bg-color-hover:var(--awb-color7);--awb-bg-size:cover;--awb-width-large:100%;--awb-margin-top-large:0px;--awb-spacing-right-large:1.92%;--awb-margin-bottom-large:50px;--awb-spacing-left-large:1.92%;--awb-width-medium:100%;--awb-order-medium:0;--awb-spacing-right-medium:1.92%;--awb-spacing-left-medium:1.92%;--awb-width-small:100%;--awb-order-small:0;--awb-spacing-right-small:1.92%;--awb-spacing-left-small:1.92%;\"><div class=\"fusion-column-wrapper fusion-column-has-shadow fusion-flex-justify-content-flex-start fusion-content-layout-column\"><div class=\"fusion-builder-row fusion-builder-row-inner fusion-row fusion-flex-align-items-flex-start fusion-flex-justify-content-center fusion-flex-content-wrap\" style=\"--awb-flex-grow:0;--awb-flex-grow-medium:0;--awb-flex-grow-small:0;--awb-flex-shrink:0;--awb-flex-shrink-medium:0;--awb-flex-shrink-small:0;width:104% !important;max-width:104% !important;margin-left: calc(-4% \/ 2 );margin-right: calc(-4% \/ 2 );\"><div class=\"fusion-layout-column fusion_builder_column_inner fusion-builder-nested-column-0 fusion_builder_column_inner_1_1 1_1 fusion-flex-column\" style=\"--awb-bg-size:cover;--awb-width-large:100%;--awb-margin-top-large:0px;--awb-spacing-right-large:1.92%;--awb-margin-bottom-large:0px;--awb-spacing-left-large:1.92%;--awb-width-medium:100%;--awb-order-medium:0;--awb-spacing-right-medium:1.92%;--awb-spacing-left-medium:1.92%;--awb-width-small:100%;--awb-order-small:0;--awb-spacing-right-small:1.92%;--awb-spacing-left-small:1.92%;\"><div class=\"fusion-column-wrapper fusion-column-has-shadow fusion-flex-justify-content-flex-start fusion-content-layout-column\"><div class=\"fusion-title title fusion-title-1 fusion-sep-none fusion-title-center fusion-title-text fusion-title-size-one\" style=\"--awb-margin-top-small:10px;--awb-margin-right-small:0px;--awb-margin-bottom-small:10px;--awb-margin-left-small:0px;\"><h1 class=\"fusion-title-heading title-heading-center fusion-responsive-typography-calculated\" style=\"margin:0;--fontSize:60;line-height:var(--awb-typography1-line-height);\">Izklaide<\/h1><\/div><\/div><\/div><\/div><div class=\"fusion-separator\" style=\"align-self: center;margin-left: auto;margin-right: auto;margin-top:15px;margin-bottom:25px;width:100%;max-width:50px;\"><div class=\"fusion-separator-border sep-single\" style=\"--awb-height:20px;--awb-amount:20px;border-color:var(--awb-color5);border-top-width:1px;\"><\/div><\/div><\/div><\/div><\/div><\/div><div class=\"fusion-fullwidth fullwidth-box fusion-builder-row-3 fusion-flex-container has-pattern-background has-mask-background nonhundred-percent-fullwidth non-hundred-percent-height-scrolling\" style=\"--link_hover_color: var(--awb-color4);--link_color: var(--awb-color1);--awb-border-radius-top-left:0px;--awb-border-radius-top-right:0px;--awb-border-radius-bottom-right:0px;--awb-border-radius-bottom-left:0px;--awb-padding-bottom:100px;--awb-background-color:var(--awb-color7);--awb-flex-wrap:wrap;\" ><div class=\"fusion-builder-row fusion-row fusion-flex-align-items-flex-start fusion-flex-justify-content-center fusion-flex-content-wrap\" style=\"max-width:1248px;margin-left: calc(-4% \/ 2 );margin-right: calc(-4% \/ 2 );\"><div class=\"fusion-layout-column fusion_builder_column fusion-builder-column-3 fusion_builder_column_1_1 1_1 fusion-flex-column\" style=\"--awb-bg-color:var(--awb-color7);--awb-bg-color-hover:var(--awb-color7);--awb-bg-size:cover;--awb-width-large:100%;--awb-margin-top-large:0px;--awb-spacing-right-large:1.92%;--awb-margin-bottom-large:50px;--awb-spacing-left-large:1.92%;--awb-width-medium:100%;--awb-order-medium:0;--awb-spacing-right-medium:1.92%;--awb-spacing-left-medium:1.92%;--awb-width-small:100%;--awb-order-small:0;--awb-spacing-right-small:1.92%;--awb-spacing-left-small:1.92%;\"><div class=\"fusion-column-wrapper fusion-column-has-shadow fusion-flex-justify-content-flex-start fusion-content-layout-column\"><div class=\"fusion-builder-row fusion-builder-row-inner fusion-row fusion-flex-align-items-flex-start fusion-flex-justify-content-center fusion-flex-content-wrap\" style=\"--awb-flex-grow:0;--awb-flex-grow-medium:0;--awb-flex-grow-small:0;--awb-flex-shrink:0;--awb-flex-shrink-medium:0;--awb-flex-shrink-small:0;width:104% !important;max-width:104% !important;margin-left: calc(-4% \/ 2 );margin-right: calc(-4% \/ 2 );\"><div class=\"fusion-layout-column fusion_builder_column_inner fusion-builder-nested-column-1 fusion_builder_column_inner_2_3 2_3 fusion-flex-column\" style=\"--awb-bg-size:cover;--awb-width-large:66.666666666667%;--awb-margin-top-large:0px;--awb-spacing-right-large:2.88%;--awb-margin-bottom-large:0px;--awb-spacing-left-large:2.88%;--awb-width-medium:66.666666666667%;--awb-order-medium:0;--awb-spacing-right-medium:2.88%;--awb-spacing-left-medium:2.88%;--awb-width-small:100%;--awb-order-small:0;--awb-spacing-right-small:1.92%;--awb-spacing-left-small:1.92%;\"><div class=\"fusion-column-wrapper fusion-column-has-shadow fusion-flex-justify-content-flex-start fusion-content-layout-column\"><div class=\"fusion-title title fusion-title-2 fusion-sep-none fusion-title-center fusion-title-text fusion-title-size-two\" style=\"--awb-margin-top-small:10px;--awb-margin-right-small:0px;--awb-margin-bottom-small:10px;--awb-margin-left-small:0px;\"><h2 class=\"fusion-title-heading title-heading-center fusion-responsive-typography-calculated\" style=\"margin:0;--fontSize:40;line-height:var(--awb-typography1-line-height);\">GOLFink<\/h2><\/div><\/div><\/div><\/div><div class=\"fusion-builder-row fusion-builder-row-inner fusion-row fusion-flex-align-items-flex-start fusion-flex-justify-content-center fusion-flex-content-wrap\" style=\"--awb-flex-grow:0;--awb-flex-grow-medium:0;--awb-flex-grow-small:0;--awb-flex-shrink:0;--awb-flex-shrink-medium:0;--awb-flex-shrink-small:0;width:104% !important;max-width:104% !important;margin-left: calc(-4% \/ 2 );margin-right: calc(-4% \/ 2 );\"><div class=\"fusion-layout-column fusion_builder_column_inner fusion-builder-nested-column-2 fusion_builder_column_inner_2_3 2_3 fusion-flex-column\" style=\"--awb-bg-size:cover;--awb-width-large:66.666666666667%;--awb-margin-top-large:0px;--awb-spacing-right-large:2.88%;--awb-margin-bottom-large:0px;--awb-spacing-left-large:2.88%;--awb-width-medium:66.666666666667%;--awb-order-medium:0;--awb-spacing-right-medium:2.88%;--awb-spacing-left-medium:2.88%;--awb-width-small:100%;--awb-order-small:0;--awb-spacing-right-small:1.92%;--awb-spacing-left-small:1.92%;\"><div class=\"fusion-column-wrapper fusion-column-has-shadow fusion-flex-justify-content-flex-start fusion-content-layout-column\"><div class=\"fusion-text fusion-text-1\" style=\"--awb-content-alignment:center;\"><p>Izmantojiet iesp\u0113ju izm\u0113\u0123in\u0101t vienu no presti\u017e\u0101kaj\u0101m sp\u0113l\u0113m pasaul\u0113 - golfu - Tauj\u0113nu mui\u017e\u0101. \u0160\u012b sp\u0113le, kas neprasa papildu iema\u0146as un ir sabalans\u0113ta starp minigolfu un profesion\u0101lo golfu, b\u016bs lieliska izklaide ikvienam. <\/p>\n<p>T\u0101 nosaukums ir &#8220;GOLFink&#8221;, un t\u0101 ir piem\u0113rota gan b\u0113rniem, gan senioriem. \u0160\u012b jautr\u0101 2 stundu nodarb\u012bba sniegs jums koncentr\u0113\u0161an\u0101s sp\u0113jas, sportisku azartu un labu garast\u0101vokli.   Ja iepriek\u0161 neesat to sp\u0113l\u0113jis, m\u0113s izskaidrosim noteikumus un eti\u0137eti, un \u0161\u012b sp\u0113le ir ide\u0101li piem\u0113rota gan vienai personai, gan grupai l\u012bdz 5 \u0123imenes locek\u013ciem, draugiem vai kol\u0113\u0123iem.<\/p>\n<p>M\u0113s nodro\u0161in\u0101sim visu nepiecie\u0161amo apr\u012bkojumu, t\u0101p\u0113c viss, kas jums nepiecie\u0161ams, ir \u0113rts ap\u0123\u0113rbs un jautr\u012bba.<br \/>\n\u0160o aktivit\u0101ti m\u016bsu \u012bpa\u0161um\u0101 varat baud\u012bt vienm\u0113r, kad zemi nekl\u0101j sniegs.<\/p>\n<\/div><\/div><\/div><\/div><div class=\"fusion-builder-row fusion-builder-row-inner fusion-row fusion-flex-align-items-flex-start fusion-flex-justify-content-center fusion-flex-content-wrap\" style=\"--awb-flex-grow:0;--awb-flex-grow-medium:0;--awb-flex-grow-small:0;--awb-flex-shrink:0;--awb-flex-shrink-medium:0;--awb-flex-shrink-small:0;width:104% !important;max-width:104% !important;margin-left: calc(-4% \/ 2 );margin-right: calc(-4% \/ 2 );\"><div class=\"fusion-layout-column fusion_builder_column_inner fusion-builder-nested-column-3 fusion_builder_column_inner_2_3 2_3 fusion-flex-column\" style=\"--awb-bg-size:cover;--awb-width-large:66.666666666667%;--awb-margin-top-large:0px;--awb-spacing-right-large:2.88%;--awb-margin-bottom-large:0px;--awb-spacing-left-large:2.88%;--awb-width-medium:66.666666666667%;--awb-order-medium:0;--awb-spacing-right-medium:2.88%;--awb-spacing-left-medium:2.88%;--awb-width-small:100%;--awb-order-small:0;--awb-spacing-right-small:1.92%;--awb-spacing-left-small:1.92%;\"><div class=\"fusion-column-wrapper fusion-column-has-shadow fusion-flex-justify-content-center fusion-content-layout-row\"><ul style=\"--awb-size:16px;--awb-line-height:27.2px;--awb-icon-width:27.2px;--awb-icon-height:27.2px;--awb-icon-margin:11.2px;--awb-content-margin:38.4px;\" class=\"fusion-checklist fusion-checklist-1 fusion-checklist-default type-icons\"><li class=\"fusion-li-item\" style=\"\"><span class=\"icon-wrapper circle-no\"><i class=\"fusion-li-icon fa-coins fas\" aria-hidden=\"true\"><\/i><\/span><div class=\"fusion-li-item-content\">\n<p><strong>Cena:<\/strong> 50 \u20ac-2 stundas (+ ieejas maksa park\u0101)<\/p>\n<\/div><\/li><li class=\"fusion-li-item\" style=\"\"><span class=\"icon-wrapper circle-no\"><i class=\"fusion-li-icon fa-plus-circle fas\" aria-hidden=\"true\"><\/i><\/span><div class=\"fusion-li-item-content\">Papildu stunda 10 \u20ac stund\u0101.<\/div><\/li><li class=\"fusion-li-item\" style=\"\"><span class=\"icon-wrapper circle-no\"><i class=\"fusion-li-icon fa-grin-beam fas\" aria-hidden=\"true\"><\/i><\/span><div class=\"fusion-li-item-content\">\n<p>Sp\u0113l\u0113t var l\u012bdz 6 cilv\u0113kiem.<\/p>\n<\/div><\/li><\/ul><\/div><\/div><\/div><\/div><\/div><div class=\"fusion-layout-column fusion_builder_column fusion-builder-column-4 fusion_builder_column_1_1 1_1 fusion-flex-column\" style=\"--awb-bg-color:var(--awb-color7);--awb-bg-color-hover:var(--awb-color7);--awb-bg-size:cover;--awb-width-large:100%;--awb-margin-top-large:0px;--awb-spacing-right-large:1.92%;--awb-margin-bottom-large:0px;--awb-spacing-left-large:1.92%;--awb-width-medium:100%;--awb-order-medium:0;--awb-spacing-right-medium:1.92%;--awb-spacing-left-medium:1.92%;--awb-width-small:100%;--awb-order-small:0;--awb-spacing-right-small:1.92%;--awb-spacing-left-small:1.92%;\"><div class=\"fusion-column-wrapper fusion-column-has-shadow fusion-flex-justify-content-flex-start fusion-content-layout-column\"><div class=\"fusion-builder-row fusion-builder-row-inner fusion-row fusion-flex-align-items-flex-start fusion-flex-justify-content-center fusion-flex-content-wrap\" style=\"--awb-flex-grow:0;--awb-flex-grow-medium:0;--awb-flex-grow-small:0;--awb-flex-shrink:0;--awb-flex-shrink-medium:0;--awb-flex-shrink-small:0;width:104% !important;max-width:104% !important;margin-left: calc(-4% \/ 2 );margin-right: calc(-4% \/ 2 );\"><div class=\"fusion-layout-column fusion_builder_column_inner fusion-builder-nested-column-4 fusion_builder_column_inner_1_1 1_1 fusion-flex-column\" style=\"--awb-bg-size:cover;--awb-width-large:100%;--awb-margin-top-large:0px;--awb-spacing-right-large:1.92%;--awb-margin-bottom-large:0px;--awb-spacing-left-large:1.92%;--awb-width-medium:100%;--awb-order-medium:0;--awb-spacing-right-medium:1.92%;--awb-spacing-left-medium:1.92%;--awb-width-small:100%;--awb-order-small:0;--awb-spacing-right-small:1.92%;--awb-spacing-left-small:1.92%;\"><div class=\"fusion-column-wrapper fusion-column-has-shadow fusion-flex-justify-content-flex-start fusion-content-layout-column\"><div class=\"fusion-title title fusion-title-3 fusion-sep-none fusion-title-center fusion-title-text fusion-title-size-four\" style=\"--awb-margin-top-small:10px;--awb-margin-right-small:0px;--awb-margin-bottom-small:10px;--awb-margin-left-small:0px;\"><h4 class=\"fusion-title-heading title-heading-center fusion-responsive-typography-calculated\" style=\"margin:0;--fontSize:24;line-height:var(--awb-typography1-line-height);\">Ir pieejamas rezerv\u0101cijas un s\u012bk\u0101ka inform\u0101cija:<\/h4><\/div><\/div><\/div><div class=\"fusion-layout-column fusion_builder_column_inner fusion-builder-nested-column-5 fusion_builder_column_inner_1_3 1_3 fusion-flex-column\" style=\"--awb-bg-size:cover;--awb-width-large:33.333333333333%;--awb-margin-top-large:0px;--awb-spacing-right-large:5.76%;--awb-margin-bottom-large:0px;--awb-spacing-left-large:5.76%;--awb-width-medium:50%;--awb-order-medium:0;--awb-spacing-right-medium:3.84%;--awb-spacing-left-medium:3.84%;--awb-width-small:100%;--awb-order-small:0;--awb-spacing-right-small:1.92%;--awb-spacing-left-small:1.92%;\"><div class=\"fusion-column-wrapper fusion-column-has-shadow fusion-flex-justify-content-center fusion-content-layout-row\"><ul style=\"--awb-line-height:30.6px;--awb-icon-width:30.6px;--awb-icon-height:30.6px;--awb-icon-margin:12.6px;--awb-content-margin:43.2px;\" class=\"fusion-checklist fusion-checklist-2 fusion-checklist-default type-icons\"><li class=\"fusion-li-item\" style=\"\"><span class=\"icon-wrapper circle-no\"><i class=\"fusion-li-icon fa-phone fas\" aria-hidden=\"true\"><\/i><\/span><div class=\"fusion-li-item-content\">\n<p>T\u0101lr. +370 699 27 566<\/p>\n<\/div><\/li><\/ul><\/div><\/div><\/div><\/div><\/div><\/div><\/div><div class=\"fusion-fullwidth fullwidth-box fusion-builder-row-4 fusion-flex-container has-pattern-background has-mask-background nonhundred-percent-fullwidth non-hundred-percent-height-scrolling\" style=\"--awb-border-radius-top-left:0px;--awb-border-radius-top-right:0px;--awb-border-radius-bottom-right:0px;--awb-border-radius-bottom-left:0px;--awb-padding-bottom:25px;--awb-background-color:var(--awb-color3);--awb-flex-wrap:wrap;\" ><div class=\"fusion-builder-row fusion-row fusion-flex-align-items-flex-start fusion-flex-justify-content-center fusion-flex-content-wrap\" style=\"max-width:1248px;margin-left: calc(-4% \/ 2 );margin-right: calc(-4% \/ 2 );\"><\/div><\/div><\/p>\n","protected":false},"excerpt":{"rendered":"","protected":false},"author":1,"featured_media":0,"parent":10485,"menu_order":0,"comment_status":"closed","ping_status":"closed","template":"100-width.php","meta":{"_acf_changed":false,"inline_featured_image":false,"footnotes":""},"class_list":["post-10362","page","type-page","status-publish","hentry"],"acf":[],"yoast_head":"<!-- This site is optimized with the Yoast SEO plugin v27.3 - https:\/\/yoast.com\/product\/yoast-seo-wordpress\/ -->\n<title>GOLFink &#8211; Tauj\u0113nu mui\u017ea<\/title>\n<meta name=\"robots\" content=\"index, follow, max-snippet:-1, max-image-preview:large, max-video-preview:-1\" \/>\n<link rel=\"canonical\" href=\"https:\/\/taujenudvaras.lt\/lv\/izklaide\/golf\/\" \/>\n<meta property=\"og:locale\" content=\"lv_LV\" \/>\n<meta property=\"og:type\" content=\"article\" \/>\n<meta property=\"og:title\" content=\"GOLFink &#8211; Tauj\u0113nu mui\u017ea\" \/>\n<meta property=\"og:url\" content=\"https:\/\/taujenudvaras.lt\/lv\/izklaide\/golf\/\" \/>\n<meta property=\"og:site_name\" content=\"Tauj\u0113nu mui\u017ea\" \/>\n<meta property=\"article:publisher\" content=\"https:\/\/www.facebook.com\/taujenudvaras\" \/>\n<meta property=\"article:modified_time\" content=\"2026-02-09T09:38:38+00:00\" \/>\n<meta property=\"og:image\" content=\"https:\/\/taujenudvaras.lt\/wp-content\/uploads\/2025\/03\/taujenudvaras-seo-long.jpg\" \/>\n\t<meta property=\"og:image:width\" content=\"1200\" \/>\n\t<meta property=\"og:image:height\" content=\"675\" \/>\n\t<meta property=\"og:image:type\" content=\"image\/jpeg\" \/>\n<meta name=\"twitter:card\" content=\"summary_large_image\" \/>\n<script type=\"application\/ld+json\" class=\"yoast-schema-graph\">{\"@context\":\"https:\\\/\\\/schema.org\",\"@graph\":[{\"@type\":\"WebPage\",\"@id\":\"https:\\\/\\\/taujenudvaras.lt\\\/lv\\\/izklaide\\\/golf\\\/\",\"url\":\"https:\\\/\\\/taujenudvaras.lt\\\/lv\\\/izklaide\\\/golf\\\/\",\"name\":\"GOLFink &#8211; Tauj\u0113nu mui\u017ea\",\"isPartOf\":{\"@id\":\"https:\\\/\\\/taujenudvaras.lt\\\/lv\\\/#website\"},\"datePublished\":\"2022-08-08T08:15:46+00:00\",\"dateModified\":\"2026-02-09T09:38:38+00:00\",\"breadcrumb\":{\"@id\":\"https:\\\/\\\/taujenudvaras.lt\\\/lv\\\/izklaide\\\/golf\\\/#breadcrumb\"},\"inLanguage\":\"lv-LV\",\"potentialAction\":[{\"@type\":\"ReadAction\",\"target\":[\"https:\\\/\\\/taujenudvaras.lt\\\/lv\\\/izklaide\\\/golf\\\/\"]}]},{\"@type\":\"BreadcrumbList\",\"@id\":\"https:\\\/\\\/taujenudvaras.lt\\\/lv\\\/izklaide\\\/golf\\\/#breadcrumb\",\"itemListElement\":[{\"@type\":\"ListItem\",\"position\":1,\"name\":\"\u0414\u043e\u043c\",\"item\":\"https:\\\/\\\/taujenudvaras.lt\\\/lv\\\/sakums\\\/\"},{\"@type\":\"ListItem\",\"position\":2,\"name\":\"Izklaide\",\"item\":\"https:\\\/\\\/taujenudvaras.lt\\\/lv\\\/izklaide\\\/\"},{\"@type\":\"ListItem\",\"position\":3,\"name\":\"GOLFink\"}]},{\"@type\":\"WebSite\",\"@id\":\"https:\\\/\\\/taujenudvaras.lt\\\/lv\\\/#website\",\"url\":\"https:\\\/\\\/taujenudvaras.lt\\\/lv\\\/\",\"name\":\"Tauj\u0117n\u0173 dvaras\",\"description\":\"V\u0113sturiska mui\u017ea j\u016bsu br\u012bvdien\u0101m un relaks\u0101cijai\",\"publisher\":{\"@id\":\"https:\\\/\\\/taujenudvaras.lt\\\/lv\\\/#organization\"},\"alternateName\":\"Tauj\u0117n\u0173 dvaras\",\"potentialAction\":[{\"@type\":\"SearchAction\",\"target\":{\"@type\":\"EntryPoint\",\"urlTemplate\":\"https:\\\/\\\/taujenudvaras.lt\\\/lv\\\/?s={search_term_string}\"},\"query-input\":{\"@type\":\"PropertyValueSpecification\",\"valueRequired\":true,\"valueName\":\"search_term_string\"}}],\"inLanguage\":\"lv-LV\"},{\"@type\":\"Organization\",\"@id\":\"https:\\\/\\\/taujenudvaras.lt\\\/lv\\\/#organization\",\"name\":\"Tauj\u0113nu mui\u017ea\",\"alternateName\":\"Tauj\u0113nu mui\u017ea\",\"url\":\"https:\\\/\\\/taujenudvaras.lt\\\/lv\\\/\",\"logo\":{\"@type\":\"ImageObject\",\"inLanguage\":\"lv-LV\",\"@id\":\"https:\\\/\\\/taujenudvaras.lt\\\/lv\\\/#\\\/schema\\\/logo\\\/image\\\/\",\"url\":\"https:\\\/\\\/taujenudvaras.lt\\\/wp-content\\\/uploads\\\/2025\\\/03\\\/taujenudvaras-seo-square.jpg\",\"contentUrl\":\"https:\\\/\\\/taujenudvaras.lt\\\/wp-content\\\/uploads\\\/2025\\\/03\\\/taujenudvaras-seo-square.jpg\",\"width\":700,\"height\":700,\"caption\":\"Tauj\u0113nu mui\u017ea\"},\"image\":{\"@id\":\"https:\\\/\\\/taujenudvaras.lt\\\/lv\\\/#\\\/schema\\\/logo\\\/image\\\/\"},\"sameAs\":[\"https:\\\/\\\/www.facebook.com\\\/taujenudvaras\",\"https:\\\/\\\/www.instagram.com\\\/taujenu_dvaras\\\/\",\"https:\\\/\\\/taujenudvaras.lt\\\/\"]}]}<\/script>\n<!-- \/ Yoast SEO plugin. -->","yoast_head_json":{"title":"GOLFink &#8211; Tauj\u0113nu mui\u017ea","robots":{"index":"index","follow":"follow","max-snippet":"max-snippet:-1","max-image-preview":"max-image-preview:large","max-video-preview":"max-video-preview:-1"},"canonical":"https:\/\/taujenudvaras.lt\/lv\/izklaide\/golf\/","og_locale":"lv_LV","og_type":"article","og_title":"GOLFink &#8211; Tauj\u0113nu mui\u017ea","og_url":"https:\/\/taujenudvaras.lt\/lv\/izklaide\/golf\/","og_site_name":"Tauj\u0113nu mui\u017ea","article_publisher":"https:\/\/www.facebook.com\/taujenudvaras","article_modified_time":"2026-02-09T09:38:38+00:00","og_image":[{"width":1200,"height":675,"url":"https:\/\/taujenudvaras.lt\/wp-content\/uploads\/2025\/03\/taujenudvaras-seo-long.jpg","type":"image\/jpeg"}],"twitter_card":"summary_large_image","schema":{"@context":"https:\/\/schema.org","@graph":[{"@type":"WebPage","@id":"https:\/\/taujenudvaras.lt\/lv\/izklaide\/golf\/","url":"https:\/\/taujenudvaras.lt\/lv\/izklaide\/golf\/","name":"GOLFink &#8211; Tauj\u0113nu mui\u017ea","isPartOf":{"@id":"https:\/\/taujenudvaras.lt\/lv\/#website"},"datePublished":"2022-08-08T08:15:46+00:00","dateModified":"2026-02-09T09:38:38+00:00","breadcrumb":{"@id":"https:\/\/taujenudvaras.lt\/lv\/izklaide\/golf\/#breadcrumb"},"inLanguage":"lv-LV","potentialAction":[{"@type":"ReadAction","target":["https:\/\/taujenudvaras.lt\/lv\/izklaide\/golf\/"]}]},{"@type":"BreadcrumbList","@id":"https:\/\/taujenudvaras.lt\/lv\/izklaide\/golf\/#breadcrumb","itemListElement":[{"@type":"ListItem","position":1,"name":"\u0414\u043e\u043c","item":"https:\/\/taujenudvaras.lt\/lv\/sakums\/"},{"@type":"ListItem","position":2,"name":"Izklaide","item":"https:\/\/taujenudvaras.lt\/lv\/izklaide\/"},{"@type":"ListItem","position":3,"name":"GOLFink"}]},{"@type":"WebSite","@id":"https:\/\/taujenudvaras.lt\/lv\/#website","url":"https:\/\/taujenudvaras.lt\/lv\/","name":"Tauj\u0117n\u0173 dvaras","description":"V\u0113sturiska mui\u017ea j\u016bsu br\u012bvdien\u0101m un relaks\u0101cijai","publisher":{"@id":"https:\/\/taujenudvaras.lt\/lv\/#organization"},"alternateName":"Tauj\u0117n\u0173 dvaras","potentialAction":[{"@type":"SearchAction","target":{"@type":"EntryPoint","urlTemplate":"https:\/\/taujenudvaras.lt\/lv\/?s={search_term_string}"},"query-input":{"@type":"PropertyValueSpecification","valueRequired":true,"valueName":"search_term_string"}}],"inLanguage":"lv-LV"},{"@type":"Organization","@id":"https:\/\/taujenudvaras.lt\/lv\/#organization","name":"Tauj\u0113nu mui\u017ea","alternateName":"Tauj\u0113nu mui\u017ea","url":"https:\/\/taujenudvaras.lt\/lv\/","logo":{"@type":"ImageObject","inLanguage":"lv-LV","@id":"https:\/\/taujenudvaras.lt\/lv\/#\/schema\/logo\/image\/","url":"https:\/\/taujenudvaras.lt\/wp-content\/uploads\/2025\/03\/taujenudvaras-seo-square.jpg","contentUrl":"https:\/\/taujenudvaras.lt\/wp-content\/uploads\/2025\/03\/taujenudvaras-seo-square.jpg","width":700,"height":700,"caption":"Tauj\u0113nu mui\u017ea"},"image":{"@id":"https:\/\/taujenudvaras.lt\/lv\/#\/schema\/logo\/image\/"},"sameAs":["https:\/\/www.facebook.com\/taujenudvaras","https:\/\/www.instagram.com\/taujenu_dvaras\/","https:\/\/taujenudvaras.lt\/"]}]}},"publishpress_future_workflow_manual_trigger":{"enabledWorkflows":[]},"_links":{"self":[{"href":"https:\/\/taujenudvaras.lt\/lv\/wp-json\/wp\/v2\/pages\/10362","targetHints":{"allow":["GET"]}}],"collection":[{"href":"https:\/\/taujenudvaras.lt\/lv\/wp-json\/wp\/v2\/pages"}],"about":[{"href":"https:\/\/taujenudvaras.lt\/lv\/wp-json\/wp\/v2\/types\/page"}],"author":[{"embeddable":true,"href":"https:\/\/taujenudvaras.lt\/lv\/wp-json\/wp\/v2\/users\/1"}],"replies":[{"embeddable":true,"href":"https:\/\/taujenudvaras.lt\/lv\/wp-json\/wp\/v2\/comments?post=10362"}],"version-history":[{"count":11,"href":"https:\/\/taujenudvaras.lt\/lv\/wp-json\/wp\/v2\/pages\/10362\/revisions"}],"predecessor-version":[{"id":12420,"href":"https:\/\/taujenudvaras.lt\/lv\/wp-json\/wp\/v2\/pages\/10362\/revisions\/12420"}],"up":[{"embeddable":true,"href":"https:\/\/taujenudvaras.lt\/lv\/wp-json\/wp\/v2\/pages\/10485"}],"wp:attachment":[{"href":"https:\/\/taujenudvaras.lt\/lv\/wp-json\/wp\/v2\/media?parent=10362"}],"curies":[{"name":"wp","href":"https:\/\/api.w.org\/{rel}","templated":true}]}}